{"id":150,"date":"2020-07-03T20:18:44","date_gmt":"2020-07-03T18:18:44","guid":{"rendered":"https:\/\/www.ellmarcoffee.sk\/?page_id=150"},"modified":"2020-08-12T13:15:07","modified_gmt":"2020-08-12T11:15:07","slug":"uprava-vody","status":"publish","type":"page","link":"https:\/\/www.ellmarcoffee.sk\/?page_id=150","title":{"rendered":"\u00daprava vody"},"content":{"rendered":"\n<h1 class=\"wp-block-heading\">\u00daprava vody pre k\u00e1vovary<\/h1>\n\n\n\n<p>Viete, \u017ee <strong>99% \u0161\u00e1lky k\u00e1vy<\/strong>, ktor\u00fa pr\u00e1ve pijete <strong>tvor\u00ed voda<\/strong>? Preto je d\u00f4le\u017eit\u00e9, ak\u00fa vodu pou\u017e\u00edvate vo svojich k\u00e1vovaroch. Voda ovplyv\u0148uje chu\u0165 aj tej najkvalitnej\u0161ej k\u00e1vy. Z\u00e1sadn\u00e1 je hlavne <strong>\u00faprava vody e\u0161te pred jej pou\u017eit\u00edm v k\u00e1vovare<\/strong>, \u010d\u00edm zlep\u0161uje chu\u0165 k\u00e1vy a z\u00e1rove\u0148 chr\u00e1ni k\u00e1vovar pred zanesen\u00edm. Nefiltrovan\u00e1 a neupraven\u00e1 voda v\u00e1\u0161 k\u00e1vovar zan\u00e1\u0161a a bude si vy\u017eadova\u0165 \u010dast\u00fd servis k\u00e1vovaru a jeho \u010distenie. <\/p>\n\n\n\n<h2 class=\"wp-block-heading\">Odpor\u00fa\u010dan\u00e9 filtr\u00e1cie pre k\u00e1vovary na \u00fapravu vody<\/h2>\n\n\n\n<div class=\"wp-block-columns is-layout-flex wp-container-core-columns-is-layout-9d6595d7 wp-block-columns-is-layout-flex\">\n<div class=\"wp-block-column is-layout-flow wp-block-column-is-layout-flow\">\n<h2 class=\"wp-block-heading\">Filtre BRITA<\/h2>\n\n\n\n<p>BRITA je u\u017e takmer 40 rokov jedn\u00fdm z popredn\u00fdch odborn\u00edkov v oblasti \u00fapravy a \u010distenia vody.&nbsp;Rodinn\u00fd podnik, zalo\u017een\u00fd v roku 1966, sa stal dvoma svetov\u00fdmi spolo\u010dnos\u0165ami, ktor\u00e9 vyr\u00e1baj\u00fa produkty na filtr\u00e1ciu vody pre dom\u00e1cnos\u0165 a profesion\u00e1lne pou\u017eitie aj v k\u00e1vovaroch.<\/p>\n<\/div>\n\n\n\n<div class=\"wp-block-column is-layout-flow wp-block-column-is-layout-flow\">\n<figure class=\"wp-block-image size-large\"><img loading=\"lazy\" decoding=\"async\" width=\"482\" height=\"482\" src=\"https:\/\/www.ellmarcoffee.sk\/wp-content\/uploads\/2020\/08\/brita_filter_puritycfresh50.png\" alt=\"\" class=\"wp-image-218\" srcset=\"https:\/\/www.ellmarcoffee.sk\/wp-content\/uploads\/2020\/08\/brita_filter_puritycfresh50.png 482w, https:\/\/www.ellmarcoffee.sk\/wp-content\/uploads\/2020\/08\/brita_filter_puritycfresh50-300x300.png 300w, https:\/\/www.ellmarcoffee.sk\/wp-content\/uploads\/2020\/08\/brita_filter_puritycfresh50-150x150.png 150w\" sizes=\"auto, (max-width: 482px) 100vw, 482px\" \/><\/figure>\n<\/div>\n<\/div>\n\n\n\n<div class=\"wp-block-columns is-layout-flex wp-container-core-columns-is-layout-9d6595d7 wp-block-columns-is-layout-flex\">\n<div class=\"wp-block-column is-layout-flow wp-block-column-is-layout-flow\">\n<figure class=\"wp-block-image size-large\"><img loading=\"lazy\" decoding=\"async\" width=\"600\" height=\"600\" src=\"https:\/\/www.ellmarcoffee.sk\/wp-content\/uploads\/2020\/08\/03_bestmax-neu_l.png\" alt=\"\" class=\"wp-image-224\" srcset=\"https:\/\/www.ellmarcoffee.sk\/wp-content\/uploads\/2020\/08\/03_bestmax-neu_l.png 600w, https:\/\/www.ellmarcoffee.sk\/wp-content\/uploads\/2020\/08\/03_bestmax-neu_l-300x300.png 300w, https:\/\/www.ellmarcoffee.sk\/wp-content\/uploads\/2020\/08\/03_bestmax-neu_l-150x150.png 150w\" sizes=\"auto, (max-width: 600px) 100vw, 600px\" \/><\/figure>\n<\/div>\n\n\n\n<div class=\"wp-block-column is-layout-flow wp-block-column-is-layout-flow\">\n<h2 class=\"wp-block-heading\">Filtre BWT<\/h2>\n\n\n\n<p>BWT je popredn\u00e1 eur\u00f3pska spolo\u010dnos\u0165 v oblasti technol\u00f3gi\u00ed pre \u00fapravu vody.&nbsp;Vyr\u00e1baj\u00fa a pon\u00fakaj\u00fa filtre na ochranu pred vodn\u00fdm kame\u0148om v k\u00e1vovaroch. Ich filtre zlep\u0161uj\u00fa chu\u0165 vysokokvalitnej vody a odstra\u0148uj\u00fa ne\u017eiaduce l\u00e1tky. Spolo\u010dnos\u0165 BWT bola zalo\u017een\u00e1 v roku 2005 a je 100% dc\u00e9rskou spolo\u010dnos\u0165ou BWT AG (zalo\u017een\u00e1 v roku 1990).&nbsp;<\/p>\n<\/div>\n<\/div>\n\n\n\n<div class=\"callbox\">\n<h2>Zavolajte si servis k\u00e1vovarov<\/h2>\n<p>Opravy a servis k\u00e1vovarov vykon\u00e1vame aj priamo u z\u00e1kazn\u00edka. N\u00e1hradn\u00e9 diely vieme zabezpe\u010di\u0165 do 24 hod\u00edn.<\/p>\n<a href=\"https:\/\/www.ellmarcoffee.sk\/?page_id=10\" class=\"callbox_button\">Kontaktujte n\u00e1s<\/a>\n<\/div>\n","protected":false},"excerpt":{"rendered":"<p>\u00daprava vody pre k\u00e1vovary Viete, \u017ee 99% \u0161\u00e1lky k\u00e1vy, ktor\u00fa pr\u00e1ve pijete tvor\u00ed voda? Preto je d\u00f4le\u017eit\u00e9, ak\u00fa vodu pou\u017e\u00edvate vo svojich k\u00e1vovaroch. Voda ovplyv\u0148uje chu\u0165 aj tej najkvalitnej\u0161ej k\u00e1vy. Z\u00e1sadn\u00e1 je hlavne \u00faprava vody e\u0161te pred jej pou\u017eit\u00edm v k\u00e1vovare, \u010d\u00edm zlep\u0161uje chu\u0165 k\u00e1vy a z\u00e1rove\u0148 chr\u00e1ni k\u00e1vovar pred zanesen\u00edm. Nefiltrovan\u00e1 a neupraven\u00e1 voda [&hellip;]<\/p>\n","protected":false},"author":1,"featured_media":0,"parent":0,"menu_order":0,"comment_status":"closed","ping_status":"closed","template":"","meta":{"footnotes":""},"class_list":["post-150","page","type-page","status-publish","hentry"],"_links":{"self":[{"href":"https:\/\/www.ellmarcoffee.sk\/index.php?rest_route=\/wp\/v2\/pages\/150","targetHints":{"allow":["GET"]}}],"collection":[{"href":"https:\/\/www.ellmarcoffee.sk\/index.php?rest_route=\/wp\/v2\/pages"}],"about":[{"href":"https:\/\/www.ellmarcoffee.sk\/index.php?rest_route=\/wp\/v2\/types\/page"}],"author":[{"embeddable":true,"href":"https:\/\/www.ellmarcoffee.sk\/index.php?rest_route=\/wp\/v2\/users\/1"}],"replies":[{"embeddable":true,"href":"https:\/\/www.ellmarcoffee.sk\/index.php?rest_route=%2Fwp%2Fv2%2Fcomments&post=150"}],"version-history":[{"count":10,"href":"https:\/\/www.ellmarcoffee.sk\/index.php?rest_route=\/wp\/v2\/pages\/150\/revisions"}],"predecessor-version":[{"id":243,"href":"https:\/\/www.ellmarcoffee.sk\/index.php?rest_route=\/wp\/v2\/pages\/150\/revisions\/243"}],"wp:attachment":[{"href":"https:\/\/www.ellmarcoffee.sk\/index.php?rest_route=%2Fwp%2Fv2%2Fmedia&parent=150"}],"curies":[{"name":"wp","href":"https:\/\/api.w.org\/{rel}","templated":true}]}}